{"id":4102,"date":"2020-03-06T19:34:21","date_gmt":"2020-03-06T17:34:21","guid":{"rendered":"http:\/\/www.ufftour.de\/?page_id=4102"},"modified":"2020-03-06T19:53:19","modified_gmt":"2020-03-06T17:53:19","slug":"reiseinfo-marokko-stand-januar-2020","status":"publish","type":"page","link":"https:\/\/www.ufftour.de\/?page_id=4102","title":{"rendered":"Reiseinfo Marokko (Stand: Januar 2020)"},"content":{"rendered":"\n<p>Marokko, Reiseinfos f\u00fcr Selbstfahrer, Stand Januar 2020<\/p>\n\n\n\n<p><strong>Einreise<\/strong><br>F\u00fcr Marokko braucht man als deutscher Staatsb\u00fcrger kein Visum. Bei der Einreise gibt es einen Stempel in den Reisepass und man darf 90 Tage bleiben.<br>Wir sind aus S\u00fcdspanien (Algeciras) mit der F\u00e4hre eingereist. Auf den F\u00e4hren fahren marokkanische Beamten mit, die schon w\u00e4hrend der \u00dcberfahrt die Einreiseformalit\u00e4ten durchf\u00fchren. <strong><em>Die Einreiseprozedur ist unbedingt auf der F\u00e4hre durchzuf\u00fchren.<\/em><\/strong> An Land ist dies nicht mehr m\u00f6glich. (Bei unserer Einreise hatte ein P\u00e4rchen das nicht gewusst und die Einreise nicht durchgef\u00fchrt. Aufgefallen ist dies erst kurz vor der Zollabwicklung, die nat\u00fcrlich an Land durchgef\u00fchrt wird. Also nochmal zur\u00fcck aufs Schiff. Allerdings waren die Polizisten schon weg, samt Computer und mussten erst wieder aufgetrieben werden. Dann wollte der Computer nicht mehr... Endresultat: Die F\u00e4hre hatte 1,5 Stunden Versp\u00e4tung und alle waren irgendwie \"not amused\"...)<\/p>\n\n\n\n<p><strong>Ausreise<\/strong><br>Wir sind \u00fcber den Hafen Nador mit der F\u00e4hre nach S\u00e8te (S\u00fcdfrankreich) ausgereist. Hierbei wurde unser Fahrzeug auch ger\u00f6ngt. Generell kann man sagen, da\u00df - aufgrund der Migrantenproblematik - die Ausreise vom Hafen \"Tanger Med\" aus am Entspanntesten ist. Eine ausf\u00fchrlichere Beschreibung des Hafen in Nador und der Migrantenproblematik findet sich <strong><a href=\"https:\/\/www.ufftour.de\/?page_id=4109\">hier.<\/a><\/strong><\/p>\n\n\n\n<p><strong>Fahrzeugversicherung<\/strong><br>Marokko ist auf der gr\u00fcnen Versicherungskarte aufgedruckt, bei den meisten Versicherern allerdings gestrichen. Es lohnt sich, mit dem eigenen Versicherer zu verhandeln. Manche Verischerer stellen dann f\u00fcr die Reise eine gr\u00fcne Karte aus, auf der Marokko freigegeben ist. Ansonsten muss man vor Ort eine Verischerung kaufen.<\/p>\n\n\n\n<p><strong>Tanken<\/strong><br>Das Tankstellennetz ist sehr gut. Diesel gibt es \u00fcberall. Die Preise f\u00fcr Diesel liegen bei Markentankstelle bei etwa 0,98 EUR. Achtung: DIe meisten Tankstellen akzeptieren keine Kartenzahlung.<br>Im Grenzgebiet zu Algerien und in Teilen der Westsahara, wird auch geschmuggelter Diesel (aus Algerien) in Plastikflaschen angeboten (recht offen, die Polizei scheint damit kein Problem zu haben).<\/p>\n\n\n\n<p><strong>Geld<\/strong><br>Bargeld haben wir immer am Automaten gezogen (Visa-Karte). Je nach Kartenanbieter ist der Kurs besser, als wenn man Bargeld tauscht. Geldautomaten sind in allen gr\u00f6\u00dferen St\u00e4dten ausreichend vorhanden.<\/p>\n\n\n\n<p><strong>Sicherheit\/Korruption<\/strong><br>Wir haben uns immer sicher gef\u00fchlt. Die Polizei ist zu Touristen \u00e4u\u00dferst korrekt. Touristen werden an den durchaus h\u00e4ufigen Checkpoints in der Regel nicht angehalten. Trotzdem muss man diese Checkpoints langsam anfahren und - bei aufgestelltem Stop-Schild - auch anhalten.<\/p>\n\n\n\n<p><strong>Kleidung<\/strong><br>Unproblematisch. Kurze Hosen bei M\u00e4nnern gibt es praktisch nicht. Hier sollte man sich den Gepflogenheiten anpassen.<\/p>\n\n\n\n<p><strong>Telefon\/Internet<\/strong><br>Sim-Karten gibt es ohne Probleme auch f\u00fcr Ausl\u00e4nder. Wir haben gute Erfahrung mit Maroc Telecom gemacht. Eine Sim-Karte kostete umgerechnet EUR 2,50. Dazu kann man sich Internetguthaben direkt aufladen lassen oder - das finden wir besser - K\u00e4rtchen mit Aufladeguthaben kaufen. Diese kann man dann bei Bedarf per SMS aktivieren (SMS an die Rufnummer 555 schicken. Im Text die Aufladenummer - und wichtig - dahinter *3 setzen. Ohne *3 l\u00e4dt man Telefonieguthaben auf!). Aufladeguthaben gibt es f\u00fcr 20, 50 oder 100 DH (etwa 2, 5 oder 10 EUR), daf\u00fcr gibt es 2, 5 oder 10Gbyte.<br>Hinweis: Das 20DH-Guthaben gilt nur f\u00fcr eine Woche, das 50- und 100DH-Guthaben jedoch f\u00fcr 30 (28) Tage. Man hat also beim 100DH gegen\u00fcber zweimal 50DH keinen Preisvorteil, kann aber dann nachladen, wenn die ersten 5GB aufgebraucht sind und somit - je nach Datenverbrauch - einen deutlich l\u00e4ngeren Zeitraum surfen.<\/p>\n\n\n\n<p><strong>Reisen im Land<\/strong><br>Das Stra\u00dfennetz ist recht gut ausgebaut. Teilweise sind die Stra\u00dfen jedoch in schlechtem Zustand. Insbesondere die R\u00e4nder von Asphaltstra\u00dfen franzen aus (brechen weg). Teilweise sind die \"unbesch\u00e4digten\" Teerstreifen in der Mitte dadurch schm\u00e4ler als eine LKW-Spurweite. \u00dcberall wird flei\u00dfig gebaut.<br>\u00dcbernachten mit dem Wohnmobil: Seit im Jahr 2018 In Marokko zwei Wandererinnen get\u00f6tet wurden, wird man h\u00e4ufiger aufgefordert, nicht frei zu \u00dcbernachten. Dies passiert nat\u00fcrlich insbesondere in St\u00e4dten und bewohnten Gegenden und im Bereich typischer Touristen-Hotspots. Wir wurden in 3 Monaten an 6 Abenden aufgefordert, nicht frei zu \u00dcbernachten. Meist lie\u00df sich das durch Diskussion l\u00f6sen. Einmal hat die Polizei nicht lockergelassen und wir \"mussten\" im Hof einer Stra\u00dfenmeisterei \u00fcbernachten, incl. Versorgung mit Tee, Geb\u00e4ck, Brot und Marmelade...<\/p>\n\n\n\n<hr class=\"wp-block-separator\"\/>\n\n\n\n<p>Anmerkung:<br>Die hier genannten Informationen stellen unsere Erfahrungen dar. Wir k\u00f6nnen und wollen f\u00fcr die Infos nicht garantieren und haben auch nicht \"die Weisheit mit L\u00f6ffeln gefressen\". \ud83d\ude09<br>Wir geben nur einfach unsere Erfahrungen weiter, vielleicht kann ja jemand etwas damit anfangen...<\/p>\n","protected":false},"excerpt":{"rendered":"<p>Marokko, Reiseinfos f\u00fcr Selbstfahrer, Stand Januar 2020 EinreiseF\u00fcr Marokko braucht man als deutscher Staatsb\u00fcrger kein Visum. Bei der Einreise gibt es einen Stempel in den Reisepass und man darf 90 Tage bleiben.Wir sind aus S\u00fcdspanien (Algeciras) mit der F\u00e4hre eingereist. Auf den F\u00e4hren fahren marokkanische Beamten mit, die schon w\u00e4hrend der \u00dcberfahrt die Einreiseformalit\u00e4ten durchf\u00fchren. <a href=\"https:\/\/www.ufftour.de\/?page_id=4102\" class=\"more-link\">...weiterlesen<span class=\"screen-reader-text\"> \"Reiseinfo Marokko (Stand: Januar 2020)\"<\/span><\/a><\/p>\n","protected":false},"author":3,"featured_media":0,"parent":0,"menu_order":0,"comment_status":"closed","ping_status":"closed","template":"","meta":{"footnotes":""},"class_list":["post-4102","page","type-page","status-publish","h-entry","hentry","h-as-page"],"_links":{"self":[{"href":"https:\/\/www.ufftour.de\/index.php?rest_route=\/wp\/v2\/pages\/4102","targetHints":{"allow":["GET"]}}],"collection":[{"href":"https:\/\/www.ufftour.de\/index.php?rest_route=\/wp\/v2\/pages"}],"about":[{"href":"https:\/\/www.ufftour.de\/index.php?rest_route=\/wp\/v2\/types\/page"}],"author":[{"embeddable":true,"href":"https:\/\/www.ufftour.de\/index.php?rest_route=\/wp\/v2\/users\/3"}],"replies":[{"embeddable":true,"href":"https:\/\/www.ufftour.de\/index.php?rest_route=%2Fwp%2Fv2%2Fcomments&post=4102"}],"version-history":[{"count":5,"href":"https:\/\/www.ufftour.de\/index.php?rest_route=\/wp\/v2\/pages\/4102\/revisions"}],"predecessor-version":[{"id":4116,"href":"https:\/\/www.ufftour.de\/index.php?rest_route=\/wp\/v2\/pages\/4102\/revisions\/4116"}],"wp:attachment":[{"href":"https:\/\/www.ufftour.de\/index.php?rest_route=%2Fwp%2Fv2%2Fmedia&parent=4102"}],"curies":[{"name":"wp","href":"https:\/\/api.w.org\/{rel}","templated":true}]}}