{"id":3899,"date":"2019-11-14T21:09:37","date_gmt":"2019-11-14T19:09:37","guid":{"rendered":"http:\/\/www.ufftour.de\/?page_id=3899"},"modified":"2019-11-14T21:09:38","modified_gmt":"2019-11-14T19:09:38","slug":"renault-trm-heiratet-zum-zweiten-mal","status":"publish","type":"page","link":"https:\/\/www.ufftour.de\/?page_id=3899","title":{"rendered":"Renault TRM heiratet zum zweiten Mal"},"content":{"rendered":"\n<p>Wir schreiben das Jahr\n2018 und unser Flip heiratet endlich den richtigen Aufbau.<\/p>\n\n\n\n<p>Seit September 2012 war\nunser TRM 4000 mit unserem alten Wohnwagen als Ladung, durch die\nLande gezogen. Na ja eigentlich waren wir in dieser Zeit <strong>fast<\/strong>\nnur auf Selbstausbauer Treffen, um uns Ideen f\u00fcr die richtige\nWohnkabine zu mopsen, unterwegs. \n<\/p>\n\n\n\n<figure class=\"wp-block-image is-resized\"><img loading=\"lazy\" decoding=\"async\" src=\"https:\/\/www.ufftour.de\/wp-content\/uploads\/2019\/11\/20170402_141648.jpg\" alt=\"\" class=\"wp-image-3855\" width=\"580\" height=\"435\" srcset=\"https:\/\/www.ufftour.de\/wp-content\/uploads\/2019\/11\/20170402_141648.jpg 960w, https:\/\/www.ufftour.de\/wp-content\/uploads\/2019\/11\/20170402_141648-300x225.jpg 300w, https:\/\/www.ufftour.de\/wp-content\/uploads\/2019\/11\/20170402_141648-768x576.jpg 768w\" sizes=\"auto, (max-width: 580px) 100vw, 580px\" \/><figcaption>gutes Provisorium<\/figcaption><\/figure>\n\n\n\n<p>Niemand glaubte mehr daran\ndas das saarl\u00e4ndische Provisorium irgendwann einmal ersetzt w\u00fcrde.\nWie jeder wei\u00df h\u00e4lt nix l\u00e4nger als ein Provisorium. \n<\/p>\n\n\n\n<figure class=\"wp-block-image is-resized\"><img loading=\"lazy\" decoding=\"async\" src=\"https:\/\/www.ufftour.de\/wp-content\/uploads\/2019\/11\/02.19-7.jpg\" alt=\"\" class=\"wp-image-3856\" width=\"580\" height=\"326\" srcset=\"https:\/\/www.ufftour.de\/wp-content\/uploads\/2019\/11\/02.19-7.jpg 960w, https:\/\/www.ufftour.de\/wp-content\/uploads\/2019\/11\/02.19-7-300x169.jpg 300w, https:\/\/www.ufftour.de\/wp-content\/uploads\/2019\/11\/02.19-7-768x432.jpg 768w\" sizes=\"auto, (max-width: 580px) 100vw, 580px\" \/><figcaption>ein weinendes Auge als er geht<\/figcaption><\/figure>\n\n\n\n<h2 class=\"wp-block-heading\"><\/h2>\n\n\n\n<p>Am 27.10.2018 heiratete\nFlip die endg\u00fcltig richtige Braut. \n<\/p>\n\n\n\n<p>Die Fehntjer Kabine war\nfast fertig ausgebaut und wurde an diesem Tag mit dem Gabelstapler\nauf die neue Lagerung des TRM aufgesetzt und verschraubt.<\/p>\n\n\n\n<figure class=\"wp-block-image\"><img loading=\"lazy\" decoding=\"async\" width=\"960\" height=\"540\" src=\"https:\/\/www.ufftour.de\/wp-content\/uploads\/2019\/11\/10.18-7.jpg\" alt=\"\" class=\"wp-image-3857\" srcset=\"https:\/\/www.ufftour.de\/wp-content\/uploads\/2019\/11\/10.18-7.jpg 960w, https:\/\/www.ufftour.de\/wp-content\/uploads\/2019\/11\/10.18-7-300x169.jpg 300w, https:\/\/www.ufftour.de\/wp-content\/uploads\/2019\/11\/10.18-7-768x432.jpg 768w\" sizes=\"auto, (max-width: 960px) 100vw, 960px\" \/><figcaption>gekonnt ist gekonnt<\/figcaption><\/figure>\n\n\n\n<p>Die\nHochzeit fand in kleinem Rahmen aber mit lieben Freunden statt. Die\nWohnkabine wurde in perfekter  Aktion, mit dem Gabelstapler\naufgesetzt. J\u00f6rg, der Helfer in aller Not kam mit seinem Tieflader.\nDarauf hatte er einen Stapler mit langen Gabeln. In Milimeterarbeit\nsetzte er gekonnt und l\u00e4ssig die Kabine auf.<\/p>\n\n\n\n<p>Oktober\n2018 endlich hat Flip seinen endg\u00fcltigen Aufbau. Jetzt hoffen wir\ndas beides zusammen die Probefahrt ohne gro\u00dfe Probleme \u00fcbersteht.\nDenn anschlie\u00dfend wollen wir endlich viele L\u00e4nder mit unserem\nfertigen Gef\u00e4hrt durchreisen.<\/p>\n","protected":false},"excerpt":{"rendered":"<p>Wir schreiben das Jahr 2018 und unser Flip heiratet endlich den richtigen Aufbau. Seit September 2012 war unser TRM 4000 mit unserem alten Wohnwagen als Ladung, durch die Lande gezogen. Na ja eigentlich waren wir in dieser Zeit fast nur auf Selbstausbauer Treffen, um uns Ideen f\u00fcr die richtige Wohnkabine zu mopsen, unterwegs. Niemand glaubte <a href=\"https:\/\/www.ufftour.de\/?page_id=3899\" class=\"more-link\">...weiterlesen<span class=\"screen-reader-text\"> \"Renault TRM heiratet zum zweiten Mal\"<\/span><\/a><\/p>\n","protected":false},"author":4,"featured_media":0,"parent":0,"menu_order":0,"comment_status":"closed","ping_status":"closed","template":"","meta":{"footnotes":""},"class_list":["post-3899","page","type-page","status-publish","h-entry","hentry","h-as-page"],"_links":{"self":[{"href":"https:\/\/www.ufftour.de\/index.php?rest_route=\/wp\/v2\/pages\/3899","targetHints":{"allow":["GET"]}}],"collection":[{"href":"https:\/\/www.ufftour.de\/index.php?rest_route=\/wp\/v2\/pages"}],"about":[{"href":"https:\/\/www.ufftour.de\/index.php?rest_route=\/wp\/v2\/types\/page"}],"author":[{"embeddable":true,"href":"https:\/\/www.ufftour.de\/index.php?rest_route=\/wp\/v2\/users\/4"}],"replies":[{"embeddable":true,"href":"https:\/\/www.ufftour.de\/index.php?rest_route=%2Fwp%2Fv2%2Fcomments&post=3899"}],"version-history":[{"count":1,"href":"https:\/\/www.ufftour.de\/index.php?rest_route=\/wp\/v2\/pages\/3899\/revisions"}],"predecessor-version":[{"id":3900,"href":"https:\/\/www.ufftour.de\/index.php?rest_route=\/wp\/v2\/pages\/3899\/revisions\/3900"}],"wp:attachment":[{"href":"https:\/\/www.ufftour.de\/index.php?rest_route=%2Fwp%2Fv2%2Fmedia&parent=3899"}],"curies":[{"name":"wp","href":"https:\/\/api.w.org\/{rel}","templated":true}]}}