{"id":3768,"date":"2019-10-14T19:30:50","date_gmt":"2019-10-14T17:30:50","guid":{"rendered":"http:\/\/www.ufftour.de\/?page_id=3768"},"modified":"2022-02-17T20:18:51","modified_gmt":"2022-02-17T18:18:51","slug":"startseite","status":"publish","type":"page","link":"https:\/\/www.ufftour.de\/","title":{"rendered":"Startseite"},"content":{"rendered":"\n<p>Willkommen auf unserer Webseite.<\/p>\n\n\n\n<p class=\"has-text-align-left\">Hinter \"ufftour.de\" stecken zwei P\u00e4rchen, die gerne mit Ihren Fahrzeugen unterwegs sind, eben \"ufftour\", wie man bei uns im Saarland sagt. Hier berichten wir von unseren Reisen und dem Umbau unserer Fahrzeuge.<\/p>\n\n\n\n<hr class=\"wp-block-separator\"\/>\n\n\n\n<div class=\"wp-block-image\"><figure class=\"aligncenter size-large is-resized\"><img decoding=\"async\" src=\"https:\/\/www.ufftour.de\/wp-content\/uploads\/2020\/01\/Ufftour_Heike-und-Markus-600.jpg\" alt=\"\" class=\"wp-image-4007\" width=\"500\" srcset=\"https:\/\/www.ufftour.de\/wp-content\/uploads\/2020\/01\/Ufftour_Heike-und-Markus-600.jpg 600w, https:\/\/www.ufftour.de\/wp-content\/uploads\/2020\/01\/Ufftour_Heike-und-Markus-600-300x208.jpg 300w\" sizes=\"(max-width: 600px) 100vw, 600px\" \/><figcaption>Heike und Markus sind seit Jahren \"ufftour\". Mit einem Buschtaxi und nun dem zweiten Allrad-LKW wollen wir die Welt und die Menschen entdecken. Unsere Reisen dauern meist mehrere Monate. Ihr findet uns auch auf Instagram unter <a href=\"https:\/\/www.instagram.com\/ufftour\" target=\"_blank\" rel=\"noreferrer noopener\">\"ufftour\"<\/a><\/figcaption><\/figure><\/div>\n\n\n\n<div class=\"wp-block-buttons is-layout-flex wp-block-buttons-is-layout-flex\">\n<div class=\"wp-block-button is-style-fill button_align=center\"><a class=\"wp-block-button__link\" href=\"https:\/\/www.ufftour.de\/?author=3\">Zum Reise-Blog von Heike und Markus<\/a><\/div>\n<\/div>\n\n\n\n<div style=\"height:37px\" aria-hidden=\"true\" class=\"wp-block-spacer\"><\/div>\n\n\n\n<hr class=\"wp-block-separator\"\/>\n\n\n\n<div class=\"wp-block-image\"><figure class=\"aligncenter size-large is-resized\"><img decoding=\"async\" src=\"https:\/\/www.ufftour.de\/wp-content\/uploads\/2020\/04\/Britzis-600.jpg\" alt=\"\" class=\"wp-image-4266\" width=\"500\" srcset=\"https:\/\/www.ufftour.de\/wp-content\/uploads\/2020\/04\/Britzis-600.jpg 600w, https:\/\/www.ufftour.de\/wp-content\/uploads\/2020\/04\/Britzis-600-300x300.jpg 300w, https:\/\/www.ufftour.de\/wp-content\/uploads\/2020\/04\/Britzis-600-150x150.jpg 150w\" sizes=\"(max-width: 600px) 100vw, 600px\" \/><figcaption>Juliane und Stefan sind seit 2003 mit dem PickUp und ab 2012 mit dem Allrad LKW \u201eufftour\u201c. Anfang nur im Urlaub unterwegs, wollen wir ab 2019 auf langen Reisen L\u00e4nder, Leute und Natur mit eigenen Augen sehen.<\/figcaption><\/figure><\/div>\n\n\n\n<div class=\"wp-block-buttons is-layout-flex wp-block-buttons-is-layout-flex\">\n<div class=\"wp-block-button\"><a class=\"wp-block-button__link\" href=\"https:\/\/www.ufftour.de\/?author=4\">Zum Reise-Blog von Juliane und Stefan<\/a><\/div>\n<\/div>\n\n\n\n<hr class=\"wp-block-separator\"\/>\n\n\n\n<div class=\"wp-block-image\"><figure class=\"aligncenter size-large\"><img loading=\"lazy\" decoding=\"async\" width=\"300\" height=\"301\" src=\"https:\/\/www.ufftour.de\/wp-content\/uploads\/2007\/06\/main_foto.JPG\" alt=\"\" class=\"wp-image-58\"\/><\/figure><\/div>\n\n\n\n<p class=\"has-text-align-center\">Einige Touren haben wir auch bereits gemeinsam gemacht. Vielleicht bietet sich auch k\u00fcnftig mal wieder die Gelegenheit dazu...<\/p>\n\n\n\n<div class=\"wp-block-buttons is-layout-flex wp-block-buttons-is-layout-flex\">\n<div class=\"wp-block-button\"><a class=\"wp-block-button__link\" href=\"https:\/\/www.ufftour.de\/?author=1\">Reise-Blog der gemeinsamen Touren<\/a><\/div>\n<\/div>\n\n\n\n<div style=\"height:37px\" aria-hidden=\"true\" class=\"wp-block-spacer\"><\/div>\n\n\n\n<p class=\"has-text-align-center\"><strong>Unser Motto hat Wilhelm Busch schon vor \u00fcber 100 Jahren beschrieben:<\/strong><\/p>\n\n\n\n<p class=\"has-text-align-center\">Eins, zwei, drei im Sauseschritt,<br>l\u00e4uft die Zeit, wir laufen mit.<br>Schaffen, schuften, werden \u00e4lter,<br>tr\u00e4ger, m\u00fcder und auch k\u00e4lter.<br>Bis auf einmal man erkennt,<br>dass das Leben geht zu End.<br>Viel zu sp\u00e4t begreifen viele<br>die vers\u00e4umten Lebensziele:<br>Freude, Sch\u00f6nheit der Natur,<br>Gesundheit, Reisen und Kultur.<br>Darum, Mensch, sei zeitig weise!<br>H\u00f6chste Zeit ist's! Reise, reise!<br><em>Wilhelm Busch (1832 - 1908)<\/em><\/p>\n","protected":false},"excerpt":{"rendered":"<p>Willkommen auf unserer Webseite. Hinter \"ufftour.de\" stecken zwei P\u00e4rchen, die gerne mit Ihren Fahrzeugen unterwegs sind, eben \"ufftour\", wie man bei uns im Saarland sagt. Hier berichten wir von unseren Reisen und dem Umbau unserer Fahrzeuge. Einige Touren haben wir auch bereits gemeinsam gemacht. Vielleicht bietet sich auch k\u00fcnftig mal wieder die Gelegenheit dazu... Unser <a href=\"https:\/\/www.ufftour.de\/\" class=\"more-link\">...weiterlesen<span class=\"screen-reader-text\"> \"Startseite\"<\/span><\/a><\/p>\n","protected":false},"author":1,"featured_media":0,"parent":0,"menu_order":0,"comment_status":"closed","ping_status":"closed","template":"page-templates\/front-page.php","meta":{"footnotes":""},"class_list":["post-3768","page","type-page","status-publish","h-entry","hentry","h-as-page"],"_links":{"self":[{"href":"https:\/\/www.ufftour.de\/index.php?rest_route=\/wp\/v2\/pages\/3768","targetHints":{"allow":["GET"]}}],"collection":[{"href":"https:\/\/www.ufftour.de\/index.php?rest_route=\/wp\/v2\/pages"}],"about":[{"href":"https:\/\/www.ufftour.de\/index.php?rest_route=\/wp\/v2\/types\/page"}],"author":[{"embeddable":true,"href":"https:\/\/www.ufftour.de\/index.php?rest_route=\/wp\/v2\/users\/1"}],"replies":[{"embeddable":true,"href":"https:\/\/www.ufftour.de\/index.php?rest_route=%2Fwp%2Fv2%2Fcomments&post=3768"}],"version-history":[{"count":35,"href":"https:\/\/www.ufftour.de\/index.php?rest_route=\/wp\/v2\/pages\/3768\/revisions"}],"predecessor-version":[{"id":4607,"href":"https:\/\/www.ufftour.de\/index.php?rest_route=\/wp\/v2\/pages\/3768\/revisions\/4607"}],"wp:attachment":[{"href":"https:\/\/www.ufftour.de\/index.php?rest_route=%2Fwp%2Fv2%2Fmedia&parent=3768"}],"curies":[{"name":"wp","href":"https:\/\/api.w.org\/{rel}","templated":true}]}}