{"id":3349,"date":"2018-10-13T21:25:40","date_gmt":"2018-10-13T19:25:40","guid":{"rendered":"http:\/\/www.ufftour.de\/?page_id=3349"},"modified":"2018-10-19T20:27:22","modified_gmt":"2018-10-19T18:27:22","slug":"ausbau-fernreisemobil-einleitung","status":"publish","type":"page","link":"https:\/\/www.ufftour.de\/?page_id=3349","title":{"rendered":"Ausbau Fernreisemobil &#8211; Einleitung"},"content":{"rendered":"\n<p><em><strong>Unsere Erfahrungen und Empfehlungen zum Um- und Ausbau eines Fernreisemobils.<\/strong><\/em><\/p>\n\n\n\n<p>Warum machen wir das? <br>Was ist unsere Mission?<br>Haben wir das ultimative Reisefahrzeug gebaut?<br>Endlich den Stein des Weisen gefunden?<br>Wissen wir es besser als alle anderen?<br><strong><em>Nein - nat\u00fcrlich nicht.\u00a0<\/em><\/strong><br><\/p>\n\n\n\n<p>Wir haben uns das gebaut, was wir f\u00fcr uns als richtig erachten (und das noch nicht mal immer). Wir haben Jahre damit verbracht andere zu l\u00f6chern, uns immer wieder die L\u00f6sungen von anderen angeschaut. Gefragt: \"Warum hast Du das so gemacht?\", \"W\u00fcrdest Du das wieder so machen?\", \"Was w\u00fcrdest Du anders machen?\". Aus all diesen Eindr\u00fccken und unseren eigenen Reiseerfahrung, haben wir versucht, das Beste f\u00fcr uns umzusetzen.<\/p>\n\n\n\n<p>Vielleicht findet der ein oder andere hier Hinweise, Anregungen oder Infos, die hilfreich sind, sein eigenes Projekt umzusetzen, ja vielleicht irgendwo ein St\u00fcckchen besser zu machen. Vielleicht findet man auch hier einen Punkt, an den man noch nicht gedacht hat. Was auch immer. Uns w\u00fcrde es freuen, wenn wir etwas helfen k\u00f6nnen, wie eben viele andere uns auch mit Infos oder Rat geholfen haben, ja manchmal auch nur als schlechtes Beispiel dienten. <\/p>\n\n\n\n<figure class=\"wp-block-image\"><img loading=\"lazy\" decoding=\"async\" width=\"960\" height=\"640\" src=\"https:\/\/www.ufftour.de\/wp-content\/uploads\/2018\/10\/A01-1.jpg\" alt=\"\" class=\"wp-image-3350\" srcset=\"https:\/\/www.ufftour.de\/wp-content\/uploads\/2018\/10\/A01-1.jpg 960w, https:\/\/www.ufftour.de\/wp-content\/uploads\/2018\/10\/A01-1-300x200.jpg 300w, https:\/\/www.ufftour.de\/wp-content\/uploads\/2018\/10\/A01-1-768x512.jpg 768w\" sizes=\"auto, (max-width: 960px) 100vw, 960px\" \/><figcaption>Der Um- und Ausbau eines Fernreisemobils kostet viel Zeit...<\/figcaption><\/figure>\n\n\n\n<p>&nbsp;<\/p>\n\n\n\n<p><strong>Ihr auch noch?<\/strong><\/p>\n\n\n\n<p>Es gibt doch schon so viele, die Facebook oder Instagram fluten und eigene Blogs betreiben. Muss das hier auch noch sein?<br>\nJa, in der Tat. Gerade in den letzten Jahren, hat die Zahl der \"Influencer\", wie man die szenebekannten Onliner nennt, dramatisch zugenommen. Auf Treffen und in pers\u00f6nlichen Gespr\u00e4chen fallen immer wieder die gleichen Namen: \"Das habe ich bei xxx gesehen\", \"yyy erkl\u00e4rt das aber in einem Filmbeitrag so\". Genau. Es lohnt sich, viele verschiedene Meinung zu h\u00f6ren und f\u00fcr sich selbst das Richtige rauszufinden. Deswegen ist es wichtig, sich unterschiedlicher Quellen zu bedienen. Vor allem bei Reisenden, die \u00fcber echte, eigene Erfahrungen verf\u00fcgen (das sind nicht unbedingt die, die die aufwendigsten Internetauftritte haben). Wir k\u00f6nnen f\u00fcr uns garantieren, dass wir keine kommerziellen Interessen verfolgen. Wir werden von keinem Hersteller oder H\u00e4ndler bezahlt\/\"unterst\u00fctzt\" und haben alle Materialien und Ger\u00e4te selbst angeschafft und bezahlt. Wenn wir Produkte oder Firmen nennen, dann nur aufgrund von eigenen positiven oder negativen Erfahrungen. Es sind keinerlei finanzielle Interessen damit verbunden.<\/p>\n\n\n\n<figure class=\"wp-block-image\"><img loading=\"lazy\" decoding=\"async\" width=\"960\" height=\"540\" src=\"https:\/\/www.ufftour.de\/wp-content\/uploads\/2018\/10\/A01-2.jpg\" alt=\"\" class=\"wp-image-3351\" srcset=\"https:\/\/www.ufftour.de\/wp-content\/uploads\/2018\/10\/A01-2.jpg 960w, https:\/\/www.ufftour.de\/wp-content\/uploads\/2018\/10\/A01-2-300x169.jpg 300w, https:\/\/www.ufftour.de\/wp-content\/uploads\/2018\/10\/A01-2-768x432.jpg 768w\" sizes=\"auto, (max-width: 960px) 100vw, 960px\" \/><figcaption>... doch wenn es fertig ist, lassen sich traumhafte Ziele bereisen. (Pamirgebirge, Tadschikistan)<\/figcaption><\/figure>\n\n\n\n<p>&nbsp;<\/p>\n\n\n\n<p><strong>K\u00f6nnen, d\u00fcrfen und sollten wir Ratschl\u00e4ge geben?<\/strong><\/p>\n\n\n\n<p>Schwierige Frage. Die Planung und der Ausbau eines Fernreisemobils ist eine sehr pers\u00f6nliche Sache. Jeder hat andere Vorstellungen, Ansichten und Reisegewohnheiten. Es gibt nicht \"das eine, richtige Fernreisemobil\". Was f\u00fcr den einen richtig ist, kann f\u00fcr den andern falsch sein. Deswegen k\u00f6nnen wir eigentlich nur zwei Ratschl\u00e4ge geben:<\/p>\n\n\n\n<ul class=\"wp-block-list\"><li>Baue Dein Fernreisemobil. Nicht das eines anderen.<\/li><li>Keep it simple.<\/li><\/ul>\n\n\n\n<p>\u00a0<\/p>\n\n\n\n<p><strong>Lange Rede, jetzt geht es los.<\/strong><\/p>\n\n\n\n<p>Zun\u00e4chst wollen wir im Groben unsere Grund\u00fcberlegungen und Konzepte vorstellen. Auch beschreiben und bewerten wir die einzelnen verwendeten Komponenten aus unserer - ganz pers\u00f6nlichen - Sicht.<\/p>\n\n\n<br clear=all>\r\n<div class=\"post-it-spende\"><u><b>Disclaimer<\/b> \r\n  -  Achtung !!!<\/u><br>Alles was hier steht, ist unsere eigene, ungeschminkte Meinung und kann auch ganz falsch sein. Wir haben weder die Weisheit mit L\u00f6ffeln gefressen - noch glauben wir das. Jeder darf gerne zu ganz anderen \u00dcberzeugungen kommen. Kein Problem. Aber vielleicht findet der ein oder andere hier ja f\u00fcr ihn interessante Punkte oder stolpert \u00fcber Dinge, die er bislang \u00fcbersehen hat.<br><br>\r\nWenn Du der Meinung bist, dass Dich unser Tun hier weitergebracht hat und Du unsere Arbeit und unseren Aufwand honorieren m\u00f6chtest, kannst Du uns gerne virtuell zum Essen einladen. Das geht am einfachsten \u00fcber eine <a href=\"http:\/\/www.paypal.me\/ufftour\" target=\"_blank\">PayPal-Spende<\/a>. Oder mal am Lagerfeuer ein Bier ausgeben. Wenn nicht, dann halt nicht...<\/div><br clear=all><br clear=all>\n\n\n\n<p>&nbsp;<\/p>\n\n\n\n<div class=\"Inhaltsverzeichnis\">\r\n<p><u><strong>Ausbau Fernreisemobil - Inhaltsverzeichnis<\/strong><\/u><\/p>\r\n<a href=\"https:\/\/www.ufftour.de\/?page_id=3349\">Einleitung<\/a><br class=\"clear\" \/>\r\n<a href=\"https:\/\/www.ufftour.de\/?page_id=3360\">Grund\u00fcberlegungen<\/a><br class=\"clear\" \/><br class=\"clear\" \/>\r\n<a href=\"https:\/\/www.ufftour.de\/?page_id=3375\">Basisfahrzeug<\/a><br class=\"clear\" \/>\r\n---------- <a href=\"https:\/\/www.ufftour.de\/?page_id=3552\">Modifikationen am Fahrgestell<\/a><br class=\"clear\" \/>\r\n<br class=\"clear\" \/>\r\n<a href=\"https:\/\/www.ufftour.de\/?page_id=3402\">Die Wohnung - Koffer oder Shelter<\/a><br class=\"clear\" \/>\r\n<a href=\"https:\/\/www.ufftour.de\/?page_id=3417\">Hilfsrahmen \/ Lagerung<\/a><br class=\"clear\" \/>\r\n<br class=\"clear\" \/>\r\n<a href=\"https:\/\/www.ufftour.de\/?page_id=3445\">Energie-Konzept<\/a><br class=\"clear\" \/>\r\n<a href=\"https:\/\/www.ufftour.de\/?page_id=3475\">Strom-Konzept<\/a><br class=\"clear\" \/>\r\n<a href=\"https:\/\/www.ufftour.de\/?page_id=3375\">Einleitung<\/a><br class=\"clear\" \/>\r\n<a href=\"https:\/\/www.ufftour.de\/?page_id=3375\">Einleitung<\/a><br class=\"clear\" \/>\r\n<a href=\"https:\/\/www.ufftour.de\/?page_id=3375\">Einleitung<\/a><br class=\"clear\" \/>\r\n<a href=\"https:\/\/www.ufftour.de\/?page_id=3375\">Einleitung<\/a><br class=\"clear\" \/>\r\n<a href=\"https:\/\/www.ufftour.de\/?page_id=3375\">Einleitung<\/a><br class=\"clear\" \/>\r\n<\/div>\r\n<br clear=all>\n","protected":false},"excerpt":{"rendered":"<p>Unsere Erfahrungen und Empfehlungen zum Um- und Ausbau eines Fernreisemobils. Warum machen wir das? Was ist unsere Mission?Haben wir das ultimative Reisefahrzeug gebaut?Endlich den Stein des Weisen gefunden?Wissen wir es besser als alle anderen?Nein - nat\u00fcrlich nicht.\u00a0 Wir haben uns das gebaut, was wir f\u00fcr uns als richtig erachten (und das noch nicht mal immer). <a href=\"https:\/\/www.ufftour.de\/?page_id=3349\" class=\"more-link\">...weiterlesen<span class=\"screen-reader-text\"> \"Ausbau Fernreisemobil &#8211; Einleitung\"<\/span><\/a><\/p>\n","protected":false},"author":3,"featured_media":0,"parent":0,"menu_order":0,"comment_status":"closed","ping_status":"closed","template":"","meta":{"footnotes":""},"class_list":["post-3349","page","type-page","status-publish","h-entry","hentry","h-as-page"],"_links":{"self":[{"href":"https:\/\/www.ufftour.de\/index.php?rest_route=\/wp\/v2\/pages\/3349","targetHints":{"allow":["GET"]}}],"collection":[{"href":"https:\/\/www.ufftour.de\/index.php?rest_route=\/wp\/v2\/pages"}],"about":[{"href":"https:\/\/www.ufftour.de\/index.php?rest_route=\/wp\/v2\/types\/page"}],"author":[{"embeddable":true,"href":"https:\/\/www.ufftour.de\/index.php?rest_route=\/wp\/v2\/users\/3"}],"replies":[{"embeddable":true,"href":"https:\/\/www.ufftour.de\/index.php?rest_route=%2Fwp%2Fv2%2Fcomments&post=3349"}],"version-history":[{"count":10,"href":"https:\/\/www.ufftour.de\/index.php?rest_route=\/wp\/v2\/pages\/3349\/revisions"}],"predecessor-version":[{"id":3470,"href":"https:\/\/www.ufftour.de\/index.php?rest_route=\/wp\/v2\/pages\/3349\/revisions\/3470"}],"wp:attachment":[{"href":"https:\/\/www.ufftour.de\/index.php?rest_route=%2Fwp%2Fv2%2Fmedia&parent=3349"}],"curies":[{"name":"wp","href":"https:\/\/api.w.org\/{rel}","templated":true}]}}