{"id":2543,"date":"2016-06-04T10:59:30","date_gmt":"2016-06-04T08:59:30","guid":{"rendered":"http:\/\/www.ufftour.de\/?page_id=2543"},"modified":"2016-06-22T19:56:00","modified_gmt":"2016-06-22T17:56:00","slug":"reiseinfo-turkmenistan-stand-maijuni-2016","status":"publish","type":"page","link":"https:\/\/www.ufftour.de\/?page_id=2543","title":{"rendered":"Reiseinfo Turkmenistan (Stand: Mai\/Juni 2016)"},"content":{"rendered":"<p>Turkmenistan, Reiseinfos f\u00fcr Selbstfahrer, Stand Mai\/Juni 2016<\/p>\n<p><strong>Einreise<\/strong><br \/>\nF\u00fcr Turkmenistan wird ein Visum ben\u00f6tigt (es gibt ein Touristen und ein Transitvisum). Bei uns wurde auf einen internationalen F\u00fchrerschein bestanden, den wir gl\u00fccklicherweise hatten. Ein internationaler Fahrzeugschein war nicht notwendig.<br \/>\nWir sind aus dem Iran \u00fcber den Grenzeingang Bajgiran eingereist. Die Abwicklung war unproblematisch, die Z\u00f6llner sehr freundlich und hilfsbereit. Jedoch hat die Prozedur \u00fcber 3 Stunden gedauert. 5 oder 6 B\u00fcros waren nacheinander zu besuchen. \u00dcberall wurden die Daten von Reisepa\u00df und Fahrzeugschein immer wieder von Hand in B\u00fccher und Listen eingetragen.<br \/>\nDie Fahrzeugkontrolle war auch nicht wirklich g\u00fcndlich. Es wurden zwar so ziemlich alle Schr\u00e4nke und Stauklappen ge\u00f6ffnet, jedoch nichts ausger\u00e4umt. Mindestens zehnmal sind wir jedoch nach Waffen gefragt worden.<br \/>\nEs fielen einige Kosten an. Neben der Geb\u00fchr f\u00fcr die Visa (die wir ja vorab bezahlt hatten) rund US-$ 199: 25$ f\u00fcr beide Personen, 50$ Stra\u00dfenbenutzungsgeb\u00fchr (Frechheit, wenn man sich die Stra\u00dfen anschaut), 60$ Dieselsteuer (abh\u00e4ngig von der Fahrtstrecke), 50$ Fahrzeugversicherung, 5$ allgemeine Geb\u00fchr, 4$ Bankgeb\u00fchr.<br \/>\nInhaber eines Transitvisums m\u00fcssen schon bei der Beantragung des Visums Ein- und Ausreisegrenz\u00fcbergang angeben. Diese sind absolut verpflichtend und bestimmen auch in der Regel die Dauer des Visums (max. 5 Tage). Auch die Fahrtstrecke wird genau festgelegt und in den Papieren eingezeichnet. Abweichungen von der festgelegten Route kosten US-$ 1.000,- pro Abweichung. Wir durften z. B. nur die direkte Strecke Ashgabat - Gaskrater - Konya Urgench - Dashoguz nehmen. Selbst ein Besuch der nah Ashgabat gelegenen Ruinenstadt Nisa war nicht erlaubt.<\/p>\n<p><strong>Ausreise<\/strong><br \/>\nWir sind \u00fcber den Grenz\u00fcbergang Dashoguz nach Usbekistan ausgereist. Die Abwicklung auf turkmenischen Seite dauerte recht lange (obwohl es Ausreise war!). Das Fahrzeug wurde praktisch genauso untersucht, wie bei der Einreise. Hier sind wir auch auf einen korrupten Z\u00f6llner gestossen. Er beanstandete die gro\u00dfen Dieseltanks der Fahrzeuge. Diese seien nicht original und somit nicht zul\u00e4ssig. Ich hatte Gl\u00fcck, dass unsere Tanks im Fahrzeugschein extra eingetragen sind (hatte unser T\u00dcVler so gemacht). Das wurde akzeptiert. Unsere Mitreisenden hatten weniger Gl\u00fcck. Demonstrativ hat er unsere Papiere gestempelt, deren nicht. Und mehrfach sehr deutlich gesagt, dass sie sich \u00fcberlegen sollten, was sie ihm daf\u00fcr geben, dass er sie fahren l\u00e4sst.<\/p>\n<p><strong>Fahrzeugversicherung<\/strong><br \/>\nDiese ist obligatorisch und wird direkt vom Grenzer abgeschlossen (US-$ 50,- f\u00fcr unser Fahrzeug)<\/p>\n<p><strong>Tanken<\/strong><br \/>\nDiesel tanken war unproblematisch (3x). Bezahlt haben wir jeweils in US-$<\/p>\n<p><strong>Geld<\/strong><br \/>\nWir haben kein Geld getauscht. Wir waren ja auch nur 3,5 Tage im Land. Die Geb\u00fchren an der Grenze m\u00fcssen in US-$ bezahlt werden. Tanken war ebenfalls mit US-$ m\u00f6glich. Einmal haben wir auf einem \"Bazar\" Bier gekauft und in US-$ bezahlt (zu gutem Kurs), wir mussten aber bei mehreren St\u00e4nden fragen, bis wir jemand fanden, der US-$ genommen hat.<\/p>\n<p><strong>Sicherheit<\/strong><br \/>\nSicher ist es in diesem bizarren Land wohl. Die Polizeipr\u00e4senz ist sehr hoch.<\/p>\n<p><strong>Kleidung<\/strong><br \/>\nUnproblematisch. F\u00fcr Frauen ist kein Kopftuch notwendig. Teilweise haben wir in Ashgabat sehr freiz\u00fcgig gekleidete junge Frauen gesehen.<\/p>\n<p><strong>Telefon\/Internet<\/strong><br \/>\nKeine Infos vorhanden, haben wir nicht genutzt\/gebraucht.<\/p>\n<p><strong>Reisen im Land<\/strong><br \/>\nDas Land ist bizarr (siehe <a href=\"https:\/\/www.ufftour.de\/?p=2490\">Reisebericht<\/a>). Es drohen viele Strafen (z. B. darf man nicht mit einem schmutzigen Fahrzeug fahren). Diese st\u00e4ndige Gedanken haben bei uns die Reise schon etwas beeintr\u00e4chtigt. Wir hatten im R\u00fcckblick allerdings keine Probleme. Wir wurden an keiner der vielen Polizei-Checkpoints angehalten oder kontrolliert. Der korrupte Z\u00f6llner bei der Ausreise war jedoch ein Hinweis, was einem bl\u00fchen kann und wenn so einer will, findet er immer etwas. Zumal man aufgrund des kurzen Visums quasi immer in Zeitdruck ist. Und bei Visums\u00fcberschreitung droht in diesem Land schnell Gef\u00e4ngnis, selbst wenn man verunfallt ist, wie wir von anderen Reisenden erfahren haben, die wir direkt nach der Ausreise in Usbekistan getroffen haben (siehe <a href=\"https:\/\/www.ufftour.de\/?p=2490\">Reisebericht<\/a> ganz unten).<\/p>\n<p>Auf der Strecke von Ashgabat nach Norden Richtung Konya Urgench (rund 500km, am Gaskrater vorbei), gibt es bei Erdent\/Yerdent eine Tankstelle. Diese war bei unserer Vorbeifahrt auch in Betrieb.<\/p>\n<p>Fazit: ein bizarres Land, das man ruhig gesehen haben sollte, bei dem man aber froh ist, wenn man wieder raus ist...<\/p>\n<hr>\n<p>Anmerkung:<br \/>\nDie hier genannten Informationen stellen unsere Erfahrungen dar. Wir k\u00f6nnen und wollen f\u00fcr die Infos nicht garantieren und haben auch nicht \"die Weisheit mit L\u00f6ffeln gefressen\". \ud83d\ude09<br \/>\nWir geben nur einfach unsere Erfahrungen weiter, vielleicht kann ja jemand etwas damit anfangen...<\/p>\n","protected":false},"excerpt":{"rendered":"<p>Turkmenistan, Reiseinfos f\u00fcr Selbstfahrer, Stand Mai\/Juni 2016 Einreise F\u00fcr Turkmenistan wird ein Visum ben\u00f6tigt (es gibt ein Touristen und ein Transitvisum). Bei uns wurde auf einen internationalen F\u00fchrerschein bestanden, den wir gl\u00fccklicherweise hatten. Ein internationaler Fahrzeugschein war nicht notwendig. Wir sind aus dem Iran \u00fcber den Grenzeingang Bajgiran eingereist. Die Abwicklung war unproblematisch, die Z\u00f6llner <a href=\"https:\/\/www.ufftour.de\/?page_id=2543\" class=\"more-link\">...weiterlesen<span class=\"screen-reader-text\"> \"Reiseinfo Turkmenistan (Stand: Mai\/Juni 2016)\"<\/span><\/a><\/p>\n","protected":false},"author":3,"featured_media":0,"parent":0,"menu_order":0,"comment_status":"closed","ping_status":"closed","template":"","meta":{"footnotes":""},"class_list":["post-2543","page","type-page","status-publish","h-entry","hentry","h-as-page"],"_links":{"self":[{"href":"https:\/\/www.ufftour.de\/index.php?rest_route=\/wp\/v2\/pages\/2543","targetHints":{"allow":["GET"]}}],"collection":[{"href":"https:\/\/www.ufftour.de\/index.php?rest_route=\/wp\/v2\/pages"}],"about":[{"href":"https:\/\/www.ufftour.de\/index.php?rest_route=\/wp\/v2\/types\/page"}],"author":[{"embeddable":true,"href":"https:\/\/www.ufftour.de\/index.php?rest_route=\/wp\/v2\/users\/3"}],"replies":[{"embeddable":true,"href":"https:\/\/www.ufftour.de\/index.php?rest_route=%2Fwp%2Fv2%2Fcomments&post=2543"}],"version-history":[{"count":5,"href":"https:\/\/www.ufftour.de\/index.php?rest_route=\/wp\/v2\/pages\/2543\/revisions"}],"predecessor-version":[{"id":2678,"href":"https:\/\/www.ufftour.de\/index.php?rest_route=\/wp\/v2\/pages\/2543\/revisions\/2678"}],"wp:attachment":[{"href":"https:\/\/www.ufftour.de\/index.php?rest_route=%2Fwp%2Fv2%2Fmedia&parent=2543"}],"curies":[{"name":"wp","href":"https:\/\/api.w.org\/{rel}","templated":true}]}}