{"id":141,"date":"2007-06-20T14:07:28","date_gmt":"2007-06-20T12:07:28","guid":{"rendered":"http:\/\/www.ufftour.de\/?page_id=141"},"modified":"2017-11-04T21:17:58","modified_gmt":"2017-11-04T19:17:58","slug":"links","status":"publish","type":"page","link":"https:\/\/www.ufftour.de\/?page_id=141","title":{"rendered":"Links"},"content":{"rendered":"<p>Wichtiger Hinweis zu allen Links auf dieser Seite:<br \/>\nMit Urteil vom 12. Mai 1998 - 312 O 85\/98 -\"Haftung f\u00fcr Links\" hat das Landgericht (LG) in Hamburg entschieden, dass man durch die Anbringung eines Links, Inhalte der gelinkten Seite ggf. mit zu verantworten hat. Dies kann nur dadurch verhindert werden, indem man sich ausdr\u00fccklich von diesen Inhalten distanziert. Hiermit distanzieren wir uns ausdr\u00fccklich von allen Inhalten aller von uns gelinkten Seiten.<\/p>\n<p><em><strong>Diese Linksammlung erhebt weder Anspruch auf Vollst\u00e4ndigkeit, noch ist sie als Kaufempfehlung zu betrachten. Wir haben l\u00e4ngst nicht bei allen Firmen was gekauft und k\u00f6nnen daher keine Empfehlungen abgeben. An Erweiterungen der Linkliste sind wir nat\u00fcrlich interessiert, sollte also was fehlen, bitte eine kurze Mail senden...<\/strong><\/em><\/p>\n<p><a href=\"#Reisende\" target=\"_self\">Freunde, Bekannte und andere Reisende<\/a><br \/>\n<a href=\"#Nuetzliches\">N\u00fctzliches<\/a><br \/>\n<a href=\"#Outdoor-Zubeh\u00f6r\/Ausr\u00fcstung\">Outdoor-Zubeh\u00f6r\/Ausr\u00fcstung<\/a><br \/>\n<a href=\"#Fahrzeug-Zubeh\u00f6r\/Ausr\u00fcstung\" target=\"_self\"> Fahrzeug-Zubeh\u00f6r\/Ausr\u00fcstung<\/a><br \/>\n<a href=\"#Artfremd\" target=\"_self\">Artfremde, aber vielleicht brauchbare Ausr\u00fcstung \/ Selbstausbau<\/a><br \/>\n<a href=\"#Allrad-PKW-H\u00e4ndler\" target=\"_self\">Allrad-PKW-H\u00e4ndler<\/a><br \/>\n<a href=\"#Allrad-Nutzfahrzeug-H\u00e4ndler\" target=\"_self\">Allrad-Nutzfahrzeug-H\u00e4ndler<\/a><br \/>\n<a href=\"#Allrad-Nutzfahrzeug-Hersteller\">Allrad-Nutzfahrzeug-Hersteller<\/a><br \/>\n<a href=\"#Fahrzeug-B\u00f6rsen\" target=\"_self\"> Fahrzeug-B\u00f6rsen<\/a><br \/>\n<a href=\"#Wohnkabinen\" target=\"_self\"> Hersteller f\u00fcr Wohn-Kabinen\/Schlafd\u00e4cher<\/a><br \/>\n<a href=\"#Reisetr\u00e4ume\" target=\"_self\"> Reisetr\u00e4ume<\/a><br \/>\n<a href=\"#B\u00fccher\/Karten\">B\u00fccher\/Karten<\/a><br \/>\n<a href=\"#Foren\" target=\"_self\"> Foren f\u00fcr Reisende<\/a><br \/>\n<a href=\"#Andere\" target=\"_self\">Andere Offroad-\/Reise-Seiten<\/a><br \/>\n<a href=\"#Sonstiges\" target=\"_self\">Sonstiges<\/a><br \/>\n<a href=\"#MAN\">MAN<\/a><br \/>\n<a href=\"#IFA\">IFA<\/a><\/p>\n<p><strong><a title=\"Freunde, Bekannte und andere Reisende\" name=\"Reisende\"><\/a>Reisende<\/strong><br \/>\n<a href=\"http:\/\/www.paulchen-on-tour.de\/\" target=\"_blank\">Andrea, Achim und Paulchen on tour<\/a><br \/>\n<a href=\"http:\/\/www.karpatenwilli.com\/\" target=\"_blank\">Karpaten-Willi, der Experte f\u00fcr Rum\u00e4nien<\/a><br \/>\n<a href=\"http:\/\/www.pistenkuh.de\/\" target=\"_blank\">Die Pistenkuh - Sabine und Burkhard mit dem lila Deutz, bzw. jetzt Steyr<\/a><br \/>\n<a href=\"http:\/\/kasbah.ch\/\" target=\"_blank\">Seite von Oliver Reinhard (aus der Schweiz, Fahrzeug: Bremach)<\/a><br \/>\n<a href=\"http:\/\/www.pritz.de.vu\/\" target=\"_blank\">Renate und Horst Pritz<\/a><br \/>\n<a href=\"http:\/\/naturetrail.de.vu\/\" target=\"_blank\">Naturretrail - Marion und Lothar<\/a><br \/>\n<a href=\"http:\/\/www.ratgeber-aussteigen.de\/\" target=\"_blank\">Ratgeber Aussteigen<\/a><br \/>\n<a href=\"http:\/\/project-asia.com\" target=\"_blank\">project asia<\/a><br \/>\n<a href=\"http:\/\/www.globetrotter4x4.de\/\" target=\"_blank\">Seite von Katja und J\u00f6rg (Gazelle)<\/a><br \/>\n<a href=\"http:\/\/www.burgi-online.ch\" target=\"_blank\">Seite von Philipp Burger (umfangreiche Sammlung von Reiseseiten)<\/a><br \/>\n<a href=\"https:\/\/herman-unterwegs.de\/\" target=\"_blank\">Hermann unterwegs<\/a><\/p>\n<p><strong><a title=\"N\u00fctzliches\" name=\"Nuetzliches\"><\/a>N\u00fctzliches<\/strong><br \/>\n<a href=\"http:\/\/www.crm.de\/\" target=\"_blank\">Centrum f\u00fcr Reisemedizin<\/a><\/p>\n<p><strong><a title=\"Outdoor-Zubeh\u00f6r\/Ausr\u00fcstung\" name=\"Outdoor-Zubeh\u00f6r\/Ausr\u00fcstung\"><\/a>Outdoor-Zubeh\u00f6r\/Ausr\u00fcstung<\/strong><br \/>\n<a href=\"http:\/\/www.globetrotter-versand.de\/\" target=\"_blank\">AMR Outdoor-Welt<\/a><br \/>\n<a href=\"http:\/\/www.daerr.de\" target=\"_blank\">D\u00e4rr (Alles f\u00fcr Erlebnisreisen)<\/a><br \/>\n<a href=\"http:\/\/www.unterwegs.biz\/\" target=\"_blank\">Unterwegs.biz - Outdoor Shop &amp; Outdoor Auktion<\/a><br \/>\n<a href=\"http:\/\/www.woick.de\" target=\"_blank\">Woick<\/a><\/p>\n<p><strong><a title=\"Fahrzeug-Zubeh\u00f6r\/Ausr\u00fcstung\" name=\"Fahrzeug-Zubeh\u00f6r\/Ausr\u00fcstung\"><\/a>Fahrzeug-Zubeh\u00f6r\/Ausr\u00fcstung<\/strong><br \/>\n<a href=\"http:\/\/www.4wdsystems.com.au\" target=\"_blank\">4WD Systems (Australien!)<\/a><br \/>\n<a href=\"http:\/\/www.4wp.de\" target=\"_blank\">4WheelParts<\/a><br \/>\n<a href=\"http:\/\/www.allrad-keba.de\" target=\"_blank\">Allrad Keba (Toyo Ersatzteile und Zubeh\u00f6r)<\/a><br \/>\n<a href=\"http:\/\/www.carmaeleon.de\/\" target=\"_blank\">Carmaeleon<\/a><br \/>\n<a href=\"http:\/\/www.dekorplatten.de\/\" target=\"_blank\">Dekorplatten<\/a><br \/>\n<a href=\"http:\/\/www.diebo-teile.de\" target=\"_blank\">Diebo - Teile<\/a><br \/>\n<a href=\"http:\/\/www.ellner-offroad.de\/\" target=\"_blank\">Ellner Off Road<\/a><br \/>\n<a href=\"http:\/\/www.ex-tec.de\/\" target=\"_blank\">Ex-Tec<\/a><br \/>\n<a href=\"http:\/\/www.jak-reisemobile.de\" target=\"_blank\">JAK Reisemobile<\/a><br \/>\n<a href=\"http:\/\/www.muer-4x4.de\/\" target=\"_blank\">Muer Gel\u00e4ndewagen Zubeh\u00f6r<\/a><br \/>\n<a href=\"http:\/\/www.off-road-schaefer.de\/\" target=\"_blank\">Off-Road-Center Lucie Sch\u00e4fer<\/a><br \/>\n<a href=\"http:\/\/www.reimo.de\" target=\"_blank\">Reimo<\/a><br \/>\n<a href=\"http:\/\/www.rinkert.com\" target=\"_blank\">Rinkert<\/a><br \/>\n<a href=\"http:\/\/www.taubenreuther.de\/\" target=\"_blank\">Taubenreuther Offroad-Technik<\/a><br \/>\n<a href=\"http:\/\/www.toms-fahrzeugtechnik.de\" target=\"_blank\">Tom's Fahrzeugtechnik<\/a><br \/>\n<a href=\"http:\/\/www.kos-motorsport.de\" target=\"_blank\">KOS Motorsport<\/a><br \/>\n<a href=\"http:\/\/www.tourfactory.de\" target=\"_blank\">TourFactory<\/a><\/p>\n<p><strong><a title=\"Artfremd\" name=\"Artfremd\"><\/a>Artfremde,<br \/>\naber vielleicht brauchbare Ausr\u00fcstung \/ Selbstausbau<\/strong><br \/>\n<a href=\"http:\/\/www.kleinteileversand.de\" target=\"_blank\">Edelstahlschrauben, -rohre, ...<\/a><br \/>\n<a href=\"http:\/\/www.c-kroeger.de\/\" target=\"_blank\">Kr\u00f6ger - Informationen rund um Klebstoffe und elastisches Kleben<\/a><br \/>\n<a href=\"http:\/\/www.puren.com\/\" target=\"_blank\">Puren - D\u00e4mmtechnik (PUR-Hartschaum)<\/a><br \/>\n<a href=\"http:\/\/www.stadur.de\/\" target=\"_blank\">Stadur.de (GFK-Platten)<\/a><br \/>\n<a href=\"http:\/\/www.isargfk.de\" target=\"_blank\">Isar-GFK<\/a><br \/>\n<a href=\"http:\/\/www.moser-fahrzeugbau.de\/\" target=\"_blank\">Moser Fahrzeugbau (Pfalz)<\/a><\/p>\n<p><strong><a title=\"Allrad-PKW-H\u00e4ndler\" name=\"Allrad-PKW-H\u00e4ndler\"><\/a>Allrad-PKW-H\u00e4ndler<\/strong><br \/>\n<a href=\"http:\/\/www.allrad-keba.de\" target=\"_blank\">Allrad Keba (Toyo Ersatzteile und Zubeh\u00f6r)<\/a><br \/>\n<a href=\"http:\/\/www.auto-seifert.de\/\" target=\"_blank\">Toyota Seifert<\/a><\/p>\n<p><strong><a title=\"Allrad-Nutzfahrzeug-H\u00e4ndler\" name=\"Allrad-Nutzfahrzeug-H\u00e4ndler\"><\/a>Allrad-Nutzfahrzeug-H\u00e4ndler<\/strong><\/p>\n<p><a href=\"http:\/\/www.allrad-christ.com\/\" target=\"_blank\">Allrad Christ - Bremach Generalvertretung f\u00fcr Deutschland und \u00d6sterreich<\/a><br \/>\n<a href=\"http:\/\/www.aignertrucks.com\/\" target=\"_blank\">Aigner - Hochgel\u00e4ndeg\u00e4ngige Fahrzeuge<\/a><br \/>\n<a href=\"http:\/\/www.bat-trade.de\/\" target=\"_blank\">BAT - Frank Flick (Unimogs und Zubeh\u00f6r)<\/a><br \/>\n<a href=\"http:\/\/www.expeditions-lkw.de\" target=\"_blank\">Heidtmann - Allrad-Lkws und Zubeh\u00f6r<\/a><br \/>\n<a href=\"http:\/\/www.inter-commerz.com\/\" target=\"_blank\">Inter-Commerz - Milit\u00e4r- und Spezialfahrzeuge<\/a><br \/>\n<a href=\"http:\/\/www.nutzfahrzeuge-huber.de\/\" target=\"_blank\">Nutzfahrzeuge Huber<\/a><br \/>\n<a href=\"http:\/\/www.padh.de\/\" target=\"_blank\">Phillip aus dem Hanfbachtal<\/a><br \/>\n<a href=\"http:\/\/www.schuessler-unimog.de\" target=\"_blank\"> Sch\u00fcssler Unimog<\/a><br \/>\n<a href=\"http:\/\/www.socostra.com\" target=\"_blank\">Socostra - Handel mit Spezialfahrzeugen (Milit\u00e4r, Polizei, Feuerwehr) - Frankreich<\/a><br \/>\n<a href=\"http:\/\/www.vebeg.de\/\" target=\"_blank\">Vebeg - Das Verwertungsunternehmen des Bundes<\/a><\/p>\n<p><strong><a title=\"Allrad-Nutzfahrzeug-Hersteller\" name=\"Allrad-Nutzfahrzeug-Hersteller\"><\/a>Allrad-Nutzfahrzeug-Hersteller<\/strong><br \/>\n<a href=\"http:\/\/www.bremach.at\" target=\"_blank\">Bremach<\/a><br \/>\n<a href=\"http:\/\/www.man-nutzfahrzeuge.de\" target=\"_blank\">MAN<\/a><br \/>\n<a href=\"http:\/\/www.mercedes-benz.com\/d\/ecars\/unimog\/default.htm\" target=\"_blank\">Mercedes Unimog<\/a><br \/>\n<a href=\"http:\/\/www.scamtrucks.com\" target=\"_blank\">Scam<\/a><\/p>\n<p><strong><a title=\"Fahrzeug-B\u00f6rsen\" name=\"Fahrzeug-B\u00f6rsen\"><\/a>Fahrzeug-B\u00f6rsen<\/strong><\/p>\n<p><a href=\"http:\/\/www.ebay.de\" target=\"_blank\"> ebay<\/a><br \/>\n<a href=\"http:\/\/www.mobile.de\" target=\"_blank\">mobile.de<\/a><br \/>\n<a href=\"http:\/\/www.truckscout24.de\/\" target=\"_blank\"> truckscout24.de<\/a><\/p>\n<p><strong><a title=\"Wohnkabinen\" name=\"Wohnkabinen\"><\/a>Hersteller f\u00fcr Aufbauten\/Wohn-Kabinen\/Schlafd\u00e4cher\/Hardtops <\/strong><\/p>\n<p><a href=\"http:\/\/www.fuess-mobile.de\/\" target=\"_blank\">F\u00fcss Allrad- und Expeditionsmobile<\/a><br \/>\n<a href=\"http:\/\/www.alu-star.com\/\" target=\"_blank\">Alu-Star- Perfektion in Aluminium<\/a><br \/>\n<a href=\"http:\/\/www.autocamp.de\" target=\"_blank\">Autocamp (Autodachzelte f\u00fcr jedes Auto)<\/a><br \/>\n<a href=\"http:\/\/www.beduin-tents.de\/\" target=\"_blank\">Beduin tents &amp; more<\/a><br \/>\n<a href=\"http:\/\/www.hbelding.de\" target=\"_blank\">Belding (Pickup Hardtops)<\/a><br \/>\n<a href=\"http:\/\/www.bimobil.com\/\" target=\"_blank\">bimobil<\/a><br \/>\n<a href=\"http:\/\/www.camper4x4.de\" target=\"_blank\">Camper4x4<\/a><br \/>\n<a href=\"http:\/\/www.extrem-mobil.de\" target=\"_blank\">Extrem (Expeditionsmobile &amp; Gel\u00e4ndewagentechnik)<\/a><br \/>\n<a href=\"http:\/\/www.langerundbock.com\" target=\"_blank\">Langer &amp; Bock - Expeditionsmobile<\/a><br \/>\n<a href=\"http:\/\/www.nordstar.de\" target=\"_blank\">Nordstar<\/a><br \/>\n<a href=\"http:\/\/www.ormocar.de\/\" target=\"_blank\">Ormocar Reisemobil<\/a><br \/>\n<a href=\"http:\/\/www.tischer-trail.de\/\" target=\"_blank\">Tischer Freizeitfahrzeuge<\/a><br \/>\n<a href=\"http:\/\/www.woelcke.de\" target=\"_blank\">Woelcke - Individueller Reisemobil- &amp; Sonderfahrzeugbau<\/a><\/p>\n<p><strong><a title=\"Reisetr\u00e4ume\" name=\"Reisetr\u00e4ume\"><\/a>Reisetr\u00e4ume <\/strong><br \/>\n<a href=\"http:\/\/www.swisstravelclub.ch\/\" target=\"_blank\">Swiss Travel Club<\/a><br \/>\n<a href=\"http:\/\/www.zebrastreifen.com\/\" target=\"_blank\">Zebrastreifen<\/a><br \/>\n<a href=\"http:\/\/www.weltreiseforum.de\" target=\"_blank\">Weltreiseforum.de - Welt-Reise-Hilfe auf Gegenseitigkeit<\/a><\/p>\n<p><strong><a title=\"B\u00fccher\/Karten\" name=\"B\u00fccher\/Karten\"><\/a>B\u00fccher\/Karten <\/strong><br \/>\n<a href=\"http:\/\/osmand.net\/\" target=\"_blank\">OSMAND, die Android-App, die wir als Karten-App nutzen<\/a><br \/>\n<a href=\"http:\/\/download.osmand.net\/rawindexes\/\" target=\"_blank\">Karten f\u00fcr OSMAND (zum PC-Download)<\/a><br \/>\n<a href=\"http:\/\/www.reise-know-how.de\" target=\"_blank\">Reise-know-how<\/a><br \/>\n<a href=\"http:\/\/home.wtal.de\/noegs\/freemaps.htm\" target=\"_blank\">Garmin-Karten<\/a><br \/>\n<a href=\"http:\/\/www.madmappers.com\/\" target=\"_blank\">madmappers.com<\/a><\/p>\n<p><strong><a title=\"Foren\" name=\"Foren\"><\/a>Foren f\u00fcr Reisende <\/strong><br \/>\n<a href=\"http:\/\/allrad-lkw-gemeinschaft.de\/\" target=\"_blank\">Allrad-Lkw-Gemeinschaft<\/a><br \/>\n<a href=\"http:\/\/www.leerkabinen-forum.de\/\" target=\"_blank\">Leerkabinen-Forum<\/a><br \/>\n<a href=\"http:\/\/www.weltreise-forum.info\/\" target=\"_blank\">Weltreise-Forum<\/a><br \/>\n<a href=\"http:\/\/www.weltreiseforum.de\/\" target=\"_blank\">Weltreise-Forum<\/a><\/p>\n<p><strong><a title=\"Andere\" name=\"Andere\"><\/a>Andere Offroad-\/Reise-Seiten<\/strong><\/p>\n<p><a href=\"http:\/\/www.buschtaxi.de\" target=\"_blank\">Buschtaxi.de Die Plattform f\u00fcr den Toyota Landcruiser<\/a><br \/>\n<a href=\"http:\/\/www.gelaendewagen.at\" target=\"_blank\">gelaendewagen.at - \u00d6sterreichs gro\u00dfe Gel\u00e4ndewagen-Seite<\/a><br \/>\n<a href=\"http:\/\/www.viermalvier.de\/\" target=\"_blank\">Viermalvier.de - Das Gel\u00e4ndewagen-Internet-Portal f\u00fcr 4x4-Freunde<\/a><br \/>\n<a href=\"http:\/\/www.bremach-reisemobile.org\" target=\"_blank\">bremach-reisemobile.org - Viele Infos \u00fcber Bremach, aber auch Vieles f\u00fcr Nicht-Bremach-Fahrer. Top <\/a><\/p>\n<p><strong><a title=\"Sonstiges\" name=\"Sonstiges\"><\/a>Sonstiges<\/strong><\/p>\n<p><a href=\"http:\/\/www.lib.utexas.edu\/maps\/\" target=\"_blank\">Kartenmaterial zum Download<\/a><br \/>\n<a href=\"http:\/\/www.classicunimogs.com\" target=\"_blank\">Classic Unimogs + Volvo C303<\/a><\/p>\n<p><strong><a title=\"MAN\" name=\"MAN\"><\/a>MAN<\/strong><br \/>\n<a href=\"http:\/\/www.man-4x4.de\/\" target=\"_blank\">MAN 4x4 G90 Wiki<\/a><\/p>\n<p><strong><a title=\"IFA\" name=\"IFA\"><\/a>IFA<\/strong><\/p>\n<p><a href=\"http:\/\/www.beepworld.de\/members8\/ifa-w50-w60\/\" target=\"_blank\">\"Alles\" \u00fcber den IFA W50\/L60<\/a><br \/>\n<a href=\"http:\/\/www.ifa-ersatzteile.de\" target=\"_blank\">IFA Ersatzteile<\/a><br \/>\n<a href=\"http:\/\/www.ifa-freunde-sachsen-anhalt-ev.de\/\" target=\"_blank\">IFA-Freunde Sachsen-Anhalt<\/a><br \/>\n<a href=\"http:\/\/www.ifa-mobil.de\/\" target=\"_blank\">IFA mobil<\/a><br \/>\n<a href=\"http:\/\/www.ifa-tours.de\" target=\"_blank\">IFA-Tours<\/a><\/p>\n","protected":false},"excerpt":{"rendered":"<p>Wichtiger Hinweis zu allen Links auf dieser Seite: Mit Urteil vom 12. Mai 1998 - 312 O 85\/98 -\"Haftung f\u00fcr Links\" hat das Landgericht (LG) in Hamburg entschieden, dass man durch die Anbringung eines Links, Inhalte der gelinkten Seite ggf. mit zu verantworten hat. Dies kann nur dadurch verhindert werden, indem man sich ausdr\u00fccklich von <a href=\"https:\/\/www.ufftour.de\/?page_id=141\" class=\"more-link\">...weiterlesen<span class=\"screen-reader-text\"> \"Links\"<\/span><\/a><\/p>\n","protected":false},"author":1,"featured_media":0,"parent":0,"menu_order":0,"comment_status":"closed","ping_status":"closed","template":"","meta":{"footnotes":""},"class_list":["post-141","page","type-page","status-publish","h-entry","hentry","h-as-page"],"_links":{"self":[{"href":"https:\/\/www.ufftour.de\/index.php?rest_route=\/wp\/v2\/pages\/141","targetHints":{"allow":["GET"]}}],"collection":[{"href":"https:\/\/www.ufftour.de\/index.php?rest_route=\/wp\/v2\/pages"}],"about":[{"href":"https:\/\/www.ufftour.de\/index.php?rest_route=\/wp\/v2\/types\/page"}],"author":[{"embeddable":true,"href":"https:\/\/www.ufftour.de\/index.php?rest_route=\/wp\/v2\/users\/1"}],"replies":[{"embeddable":true,"href":"https:\/\/www.ufftour.de\/index.php?rest_route=%2Fwp%2Fv2%2Fcomments&post=141"}],"version-history":[{"count":18,"href":"https:\/\/www.ufftour.de\/index.php?rest_route=\/wp\/v2\/pages\/141\/revisions"}],"predecessor-version":[{"id":3211,"href":"https:\/\/www.ufftour.de\/index.php?rest_route=\/wp\/v2\/pages\/141\/revisions\/3211"}],"wp:attachment":[{"href":"https:\/\/www.ufftour.de\/index.php?rest_route=%2Fwp%2Fv2%2Fmedia&parent=141"}],"curies":[{"name":"wp","href":"https:\/\/api.w.org\/{rel}","templated":true}]}}